{"id":756,"date":"2021-02-28T16:26:09","date_gmt":"2021-02-28T16:26:09","guid":{"rendered":"http:\/\/doktor-reiter.com\/?page_id=756"},"modified":"2024-06-23T15:51:16","modified_gmt":"2024-06-23T13:51:16","slug":"bruststraffung","status":"publish","type":"page","link":"https:\/\/doktor-reiter.com\/en\/bruststraffung","title":{"rendered":"Bruststraffung"},"content":{"rendered":"<p>[et_pb_section fb_built=&#8220;1&#8243; admin_label=&#8220;Header&#8220; _builder_version=&#8220;4.16&#8243; background_image=&#8220;http:\/\/doktor-reiter.com\/wp-content\/uploads\/2020\/12\/massage-17-1.jpg&#8220; background_size=&#8220;contain&#8220; overflow-x=&#8220;hidden&#8220; overflow-y=&#8220;hidden&#8220; custom_padding=&#8220;||0px|||&#8220; locked=&#8220;off&#8220; global_colors_info=&#8220;{}&#8220;][et_pb_row column_structure=&#8220;3_5,2_5&#8243; _builder_version=&#8220;4.16&#8243; custom_padding=&#8220;||0px||false|false&#8220; global_colors_info=&#8220;{}&#8220;][et_pb_column type=&#8220;3_5&#8243; _builder_version=&#8220;4.16&#8243; custom_padding=&#8220;||30px||false|false&#8220; global_colors_info=&#8220;{}&#8220;][et_pb_text _builder_version=&#8220;4.16&#8243; header_font=&#8220;Abel||||||||&#8220; header_font_size=&#8220;55px&#8220; header_letter_spacing=&#8220;7px&#8220; header_line_height=&#8220;1.1em&#8220; header_font_tablet=&#8220;Muli|600|||||||&#8220; header_font_phone=&#8220;Abel|600|||||||&#8220; header_font_last_edited=&#8220;on|desktop&#8220; header_font_size_tablet=&#8220;44px&#8220; header_font_size_phone=&#8220;20px&#8220; header_font_size_last_edited=&#8220;on|phone&#8220; header_letter_spacing_tablet=&#8220;2px&#8220; header_letter_spacing_phone=&#8220;5px&#8220; header_letter_spacing_last_edited=&#8220;on|desktop&#8220; header_text_shadow_style=&#8220;preset3&#8243; header_text_shadow_color=&#8220;#ffffff&#8220; locked=&#8220;off&#8220; global_colors_info=&#8220;{}&#8220;]<\/p>\n<h1>Bruststraffung<\/h1>\n<p>[\/et_pb_text][et_pb_divider divider_weight=&#8220;2px&#8220; _builder_version=&#8220;4.16&#8243; width=&#8220;100px&#8220; custom_margin=&#8220;||0px|0px|false|false&#8220; locked=&#8220;off&#8220; global_colors_info=&#8220;{}&#8220;][\/et_pb_divider][et_pb_text _builder_version=&#8220;4.16&#8243; text_font=&#8220;Abel||||||||&#8220; text_font_size=&#8220;18px&#8220; text_line_height=&#8220;1.8em&#8220; max_width=&#8220;600px&#8220; text_font_size_tablet=&#8220;&#8220; text_font_size_phone=&#8220;14px&#8220; text_font_size_last_edited=&#8220;on|phone&#8220; text_line_height_tablet=&#8220;&#8220; text_line_height_phone=&#8220;1.6em&#8220; text_line_height_last_edited=&#8220;on|desktop&#8220; locked=&#8220;off&#8220; global_colors_info=&#8220;{}&#8220;]<\/p>\n<p class=\"p1\">Entsprechend der angeborenen Festigkeit der Haut und des Brustgewebes, folgt die Brust in gr\u00f6\u00dferem oder kleinerem Ausma\u00df der Schwerkraft. Mit zunehmendem Alter nimmt die Elastizit\u00e4t der Haut ab und der Effekt der Schwerkraft wird sichtbarer.<\/p>\n<p class=\"p1\">Durch geschickte Schnittf\u00fchrung wird die Zugkraft der Haut verst\u00e4rkt, eventuelle \u00dcbersch\u00fcsse reduziert und dem Weg der Schwerkraft entgegengewirkt.<\/p>\n<p>[\/et_pb_text][\/et_pb_column][et_pb_column type=&#8220;2_5&#8243; _builder_version=&#8220;4.16&#8243; global_colors_info=&#8220;{}&#8220;][et_pb_image src=&#8220;http:\/\/doktor-reiter.com\/wp-content\/uploads\/2024\/06\/doktor-reiter-image-558.jpeg&#8220; title_text=&#8220;doktor-reiter-image-558&#8243; _builder_version=&#8220;4.25.1&#8243; max_width_tablet=&#8220;200px&#8220; max_width_phone=&#8220;&#8220; max_width_last_edited=&#8220;on|desktop&#8220; custom_margin=&#8220;-2vw|-10vw|||false|false&#8220; custom_margin_tablet=&#8220;0vw|||0vw|false|false&#8220; custom_margin_phone=&#8220;&#8220; custom_margin_last_edited=&#8220;on|desktop&#8220; hover_enabled=&#8220;0&#8243; global_colors_info=&#8220;{}&#8220; sticky_enabled=&#8220;0&#8243;][\/et_pb_image][et_pb_image src=&#8220;http:\/\/doktor-reiter.com\/wp-content\/uploads\/2023\/06\/Layer-1-213&#215;300.png&#8220; title_text=&#8220;Layer-1&#8243; align=&#8220;right&#8220; _builder_version=&#8220;4.21.0&#8243; width=&#8220;50%&#8220; width_tablet=&#8220;&#8220; width_phone=&#8220;47%&#8220; width_last_edited=&#8220;on|phone&#8220; custom_margin=&#8220;-143px|-140px|||false|false&#8220; custom_margin_tablet=&#8220;|0px|||false|false&#8220; custom_margin_phone=&#8220;&#8220; custom_margin_last_edited=&#8220;on|desktop&#8220; locked=&#8220;off&#8220; global_colors_info=&#8220;{}&#8220;][\/et_pb_image][\/et_pb_column][\/et_pb_row][et_pb_row _builder_version=&#8220;4.19.5&#8243; _module_preset=&#8220;default&#8220; global_colors_info=&#8220;{}&#8220;][et_pb_column type=&#8220;4_4&#8243; _builder_version=&#8220;4.19.5&#8243; _module_preset=&#8220;default&#8220; global_colors_info=&#8220;{}&#8220;][et_pb_video src=&#8220;https:\/\/www.youtube.com\/watch?v=pdiR2nlYFQ8&#8243; _builder_version=&#8220;4.25.1&#8243; _module_preset=&#8220;default&#8220; hover_enabled=&#8220;0&#8243; global_colors_info=&#8220;{}&#8220; sticky_enabled=&#8220;0&#8243;][\/et_pb_video][\/et_pb_column][\/et_pb_row][et_pb_row _builder_version=&#8220;4.19.5&#8243; _module_preset=&#8220;default&#8220; global_colors_info=&#8220;{}&#8220;][et_pb_column type=&#8220;4_4&#8243; _builder_version=&#8220;4.19.5&#8243; _module_preset=&#8220;default&#8220; global_colors_info=&#8220;{}&#8220;][et_pb_video src=&#8220;https:\/\/youtu.be\/V1QtGIHJIHs&#8220; _builder_version=&#8220;4.19.5&#8243; _module_preset=&#8220;default&#8220; global_colors_info=&#8220;{}&#8220;][\/et_pb_video][\/et_pb_column][\/et_pb_row][\/et_pb_section][et_pb_section fb_built=&#8220;1&#8243; admin_label=&#8220;Features&#8220; _builder_version=&#8220;4.16&#8243; global_colors_info=&#8220;{}&#8220;][et_pb_row _builder_version=&#8220;4.16&#8243; global_colors_info=&#8220;{}&#8220;][et_pb_column type=&#8220;4_4&#8243; _builder_version=&#8220;4.16&#8243; global_colors_info=&#8220;{}&#8220;][et_pb_text _builder_version=&#8220;4.16&#8243; header_2_font=&#8220;Abel||||||||&#8220; header_2_font_size=&#8220;70px&#8220; header_2_letter_spacing=&#8220;3px&#8220; header_2_line_height=&#8220;1.2em&#8220; text_orientation=&#8220;center&#8220; max_width=&#8220;800px&#8220; module_alignment=&#8220;center&#8220; header_2_font_size_tablet=&#8220;38px&#8220; header_2_font_size_phone=&#8220;26px&#8220; header_2_font_size_last_edited=&#8220;on|tablet&#8220; header_2_letter_spacing_tablet=&#8220;1px&#8220; header_2_letter_spacing_phone=&#8220;0px&#8220; header_2_letter_spacing_last_edited=&#8220;on|desktop&#8220; text_text_align=&#8220;center&#8220; locked=&#8220;off&#8220; global_colors_info=&#8220;{}&#8220;]<\/p>\n<h2>Further treatments<\/h2>\n<p>[\/et_pb_text][\/et_pb_column][\/et_pb_row][et_pb_row column_structure=&#8220;1_3,1_3,1_3&#8243; _builder_version=&#8220;4.16&#8243; global_colors_info=&#8220;{}&#8220;][et_pb_column type=&#8220;1_3&#8243; _builder_version=&#8220;4.16&#8243; global_colors_info=&#8220;{}&#8220;][et_pb_blurb title=&#8220;Gyn\u00e4komastie&#8220; image=&#8220;http:\/\/doktor-reiter.com\/wp-content\/uploads\/2020\/12\/016-belly-150&#215;150.png&#8220; image_icon_width_tablet=&#8220;&#8220; image_icon_width_phone=&#8220;60%&#8220; image_icon_width_last_edited=&#8220;on|phone&#8220; _builder_version=&#8220;4.16&#8243; header_font=&#8220;Abel||||||||&#8220; header_text_color=&#8220;#8f5f25&#8243; header_font_size=&#8220;20px&#8220; header_line_height=&#8220;1.4em&#8220; body_font=&#8220;Abel||||||||&#8220; body_font_size=&#8220;15px&#8220; background_color=&#8220;#ffffff&#8220; background_color_gradient_direction=&#8220;160deg&#8220; text_orientation=&#8220;center&#8220; custom_padding=&#8220;40px|20px|40px|20px|true|true&#8220; header_font_size_tablet=&#8220;20px&#8220; header_font_size_phone=&#8220;17px&#8220; header_font_size_last_edited=&#8220;on|phone&#8220; body_line_height_tablet=&#8220;&#8220; body_line_height_phone=&#8220;1.6em&#8220; body_line_height_last_edited=&#8220;on|phone&#8220; box_shadow_style=&#8220;preset1&#8243; box_shadow_vertical=&#8220;50px&#8220; box_shadow_blur=&#8220;80px&#8220; box_shadow_color=&#8220;rgba(12,2,2,0.1)&#8220; image_max_width_tablet=&#8220;&#8220; image_max_width_phone=&#8220;60%&#8220; image_max_width_last_edited=&#8220;on|phone&#8220; locked=&#8220;off&#8220; global_colors_info=&#8220;{}&#8220; transform_styles__hover_enabled=&#8220;on&#8220; transform_scale__hover=&#8220;106%|106%&#8220; transform_scale__hover_enabled=&#8220;on&#8220; transform_translate__hover_enabled=&#8220;on&#8220; transform_rotate__hover_enabled=&#8220;on&#8220; transform_skew__hover_enabled=&#8220;on&#8220; transform_origin__hover_enabled=&#8220;on&#8220;]<\/p>\n<p class=\"p1\">This common illness causes significant stress and restrictions in everyday life for men.<\/p>\n<p><a href=\"http:\/\/doktor-reiter.com\/en\/gynakomastie\/\">Mehr lesen<\/a><\/p>\n<p>[\/et_pb_blurb][\/et_pb_column][et_pb_column type=&#8220;1_3&#8243; _builder_version=&#8220;4.16&#8243; global_colors_info=&#8220;{}&#8220;][et_pb_blurb title=&#8220;Gesichtskonturen&#8220; image=&#8220;http:\/\/doktor-reiter.com\/wp-content\/uploads\/2020\/12\/012-beauty-150&#215;150.png&#8220; image_icon_width_tablet=&#8220;&#8220; image_icon_width_phone=&#8220;60%&#8220; image_icon_width_last_edited=&#8220;on|phone&#8220; _builder_version=&#8220;4.16&#8243; header_font=&#8220;Abel||||||||&#8220; header_text_color=&#8220;#8f5f25&#8243; header_font_size=&#8220;20px&#8220; header_line_height=&#8220;1.4em&#8220; body_font=&#8220;Abel||||||||&#8220; body_font_size=&#8220;15px&#8220; background_color=&#8220;#ffffff&#8220; background_color_gradient_direction=&#8220;160deg&#8220; text_orientation=&#8220;center&#8220; custom_padding=&#8220;40px|20px|40px|20px|true|true&#8220; header_font_size_tablet=&#8220;20px&#8220; header_font_size_phone=&#8220;17px&#8220; header_font_size_last_edited=&#8220;on|phone&#8220; body_line_height_tablet=&#8220;&#8220; body_line_height_phone=&#8220;1.6em&#8220; body_line_height_last_edited=&#8220;on|phone&#8220; box_shadow_style=&#8220;preset1&#8243; box_shadow_vertical=&#8220;50px&#8220; box_shadow_blur=&#8220;80px&#8220; box_shadow_color=&#8220;rgba(12,2,2,0.1)&#8220; image_max_width_tablet=&#8220;&#8220; image_max_width_phone=&#8220;60%&#8220; image_max_width_last_edited=&#8220;on|phone&#8220; locked=&#8220;off&#8220; global_colors_info=&#8220;{}&#8220; transform_styles__hover_enabled=&#8220;on&#8220; transform_scale__hover=&#8220;106%|106%&#8220; transform_scale__hover_enabled=&#8220;on&#8220; transform_translate__hover_enabled=&#8220;on&#8220; transform_rotate__hover_enabled=&#8220;on&#8220; transform_skew__hover_enabled=&#8220;on&#8220; transform_origin__hover_enabled=&#8220;on&#8220;]<\/p>\n<p class=\"p1\">Die H\u00e4ufigsten Attirbute sind Attraktivit\u00e4t, Weiblichkeit\/M\u00e4nnlichkeit und Jugendlichkeit aber auch Abgeschlagenheit oder M\u00fcdigkeit.<\/p>\n<p><a href=\"http:\/\/doktor-reiter.com\/en\/gesichtskonturen\/\">Mehr lesen<\/a><\/p>\n<p>[\/et_pb_blurb][\/et_pb_column][et_pb_column type=&#8220;1_3&#8243; _builder_version=&#8220;4.16&#8243; global_colors_info=&#8220;{}&#8220;][et_pb_blurb title=&#8220;Ohrenanlegeplastik&#8220; image=&#8220;http:\/\/doktor-reiter.com\/wp-content\/uploads\/2020\/12\/048-beauty-150&#215;150.png&#8220; image_icon_width_tablet=&#8220;&#8220; image_icon_width_phone=&#8220;60%&#8220; image_icon_width_last_edited=&#8220;on|phone&#8220; _builder_version=&#8220;4.16&#8243; header_font=&#8220;Abel||||||||&#8220; header_text_color=&#8220;#8f5f25&#8243; header_font_size=&#8220;20px&#8220; header_line_height=&#8220;1.4em&#8220; body_font=&#8220;Abel||||||||&#8220; body_font_size=&#8220;15px&#8220; background_color=&#8220;#ffffff&#8220; background_color_gradient_direction=&#8220;160deg&#8220; text_orientation=&#8220;center&#8220; custom_padding=&#8220;40px|20px|40px|20px|true|true&#8220; header_font_size_tablet=&#8220;20px&#8220; header_font_size_phone=&#8220;17px&#8220; header_font_size_last_edited=&#8220;on|phone&#8220; body_line_height_tablet=&#8220;&#8220; body_line_height_phone=&#8220;1.6em&#8220; body_line_height_last_edited=&#8220;on|phone&#8220; box_shadow_style=&#8220;preset1&#8243; box_shadow_vertical=&#8220;50px&#8220; box_shadow_blur=&#8220;80px&#8220; box_shadow_color=&#8220;rgba(12,2,2,0.1)&#8220; image_max_width_tablet=&#8220;&#8220; image_max_width_phone=&#8220;60%&#8220; image_max_width_last_edited=&#8220;on|phone&#8220; locked=&#8220;off&#8220; global_colors_info=&#8220;{}&#8220; transform_styles__hover_enabled=&#8220;on&#8220; transform_scale__hover=&#8220;106%|106%&#8220; transform_scale__hover_enabled=&#8220;on&#8220; transform_translate__hover_enabled=&#8220;on&#8220; transform_rotate__hover_enabled=&#8220;on&#8220; transform_skew__hover_enabled=&#8220;on&#8220; transform_origin__hover_enabled=&#8220;on&#8220;]<\/p>\n<p class=\"p1\">Ohren haben, typischen Falten und Knicke mit anatomisch konstantem Verlauf welche sich im Zuge der Entwicklung formen.<\/p>\n<p><a href=\"http:\/\/doktor-reiter.com\/en\/ohrenanlegeplastik\/\">Mehr lesen<\/a><\/p>\n<p>[\/et_pb_blurb][\/et_pb_column][\/et_pb_row][\/et_pb_section]<\/p>","protected":false},"excerpt":{"rendered":"<p>BruststraffungEntsprechend der angeborenen Festigkeit der Haut und des Brustgewebes, folgt die Brust in gr\u00f6\u00dferem oder kleinerem Ausma\u00df der Schwerkraft. Mit zunehmendem Alter nimmt die Elastizit\u00e4t der Haut ab und der Effekt der Schwerkraft wird sichtbarer. Durch geschickte Schnittf\u00fchrung wird die Zugkraft der Haut verst\u00e4rkt, eventuelle \u00dcbersch\u00fcsse reduziert und dem Weg der Schwerkraft entgegengewirkt.Weitere BehandlungenDiese h\u00e4ufige [&hellip;]<\/p>","protected":false},"author":2,"featured_media":0,"parent":0,"menu_order":0,"comment_status":"closed","ping_status":"closed","template":"","meta":{"_et_pb_use_builder":"on","_et_pb_old_content":"","_et_gb_content_width":"","_monsterinsights_skip_tracking":false,"_monsterinsights_sitenote_active":false,"_monsterinsights_sitenote_note":"","_monsterinsights_sitenote_category":0,"footnotes":""},"class_list":["post-756","page","type-page","status-publish","hentry"],"yoast_head":"<!-- This site is optimized with the Yoast SEO plugin v26.6 - https:\/\/yoast.com\/wordpress\/plugins\/seo\/ -->\n<title>Bruststraffung - Dr. Reiter Bruststraffung<\/title>\n<meta name=\"description\" content=\"Magenballon, Wien\" \/>\n<meta name=\"robots\" content=\"index, follow, max-snippet:-1, max-image-preview:large, max-video-preview:-1\" \/>\n<link rel=\"canonical\" href=\"https:\/\/doktor-reiter.com\/en\/bruststraffung\/\" \/>\n<meta property=\"og:locale\" content=\"en_GB\" \/>\n<meta property=\"og:type\" content=\"article\" \/>\n<meta property=\"og:title\" content=\"Bruststraffung - Dr. Reiter Bruststraffung\" \/>\n<meta property=\"og:description\" content=\"Magenballon, Wien\" \/>\n<meta property=\"og:url\" content=\"https:\/\/doktor-reiter.com\/en\/bruststraffung\/\" \/>\n<meta property=\"og:site_name\" content=\"Dr. Reiter\" \/>\n<meta property=\"article:publisher\" content=\"https:\/\/www.facebook.com\/drluisereiter\/\" \/>\n<meta property=\"article:modified_time\" content=\"2024-06-23T13:51:16+00:00\" \/>\n<meta property=\"og:image\" content=\"https:\/\/doktor-reiter.com\/wp-content\/uploads\/2024\/04\/Doktor-REiter-home1.jpg\" \/>\n\t<meta property=\"og:image:width\" content=\"1200\" \/>\n\t<meta property=\"og:image:height\" content=\"675\" \/>\n\t<meta property=\"og:image:type\" content=\"image\/jpeg\" \/>\n<meta name=\"twitter:card\" content=\"summary_large_image\" \/>\n<meta name=\"twitter:label1\" content=\"Estimated reading time\" \/>\n\t<meta name=\"twitter:data1\" content=\"6 minutes\" \/>\n<script type=\"application\/ld+json\" class=\"yoast-schema-graph\">{\"@context\":\"https:\/\/schema.org\",\"@graph\":[{\"@type\":\"WebPage\",\"@id\":\"https:\/\/doktor-reiter.com\/bruststraffung\",\"url\":\"https:\/\/doktor-reiter.com\/bruststraffung\",\"name\":\"Bruststraffung - Dr. Reiter Bruststraffung\",\"isPartOf\":{\"@id\":\"https:\/\/doktor-reiter.com\/#website\"},\"datePublished\":\"2021-02-28T16:26:09+00:00\",\"dateModified\":\"2024-06-23T13:51:16+00:00\",\"description\":\"Magenballon, Wien\",\"breadcrumb\":{\"@id\":\"https:\/\/doktor-reiter.com\/bruststraffung#breadcrumb\"},\"inLanguage\":\"en-GB\",\"potentialAction\":[{\"@type\":\"ReadAction\",\"target\":[\"https:\/\/doktor-reiter.com\/bruststraffung\"]}]},{\"@type\":\"BreadcrumbList\",\"@id\":\"https:\/\/doktor-reiter.com\/bruststraffung#breadcrumb\",\"itemListElement\":[{\"@type\":\"ListItem\",\"position\":1,\"name\":\"Home\",\"item\":\"https:\/\/doktor-reiter.com\/\"},{\"@type\":\"ListItem\",\"position\":2,\"name\":\"Bruststraffung\"}]},{\"@type\":\"WebSite\",\"@id\":\"https:\/\/doktor-reiter.com\/#website\",\"url\":\"https:\/\/doktor-reiter.com\/\",\"name\":\"Dr. Reiter\",\"description\":\"Fach\u00e4rztin f\u00fcr Plastische Chirurgie\",\"publisher\":{\"@id\":\"https:\/\/doktor-reiter.com\/#organization\"},\"alternateName\":\"Fach\u00e4rztin f\u00fcr plastische, rekonstruktive und \u00e4sthetische Chirurgie\",\"potentialAction\":[{\"@type\":\"SearchAction\",\"target\":{\"@type\":\"EntryPoint\",\"urlTemplate\":\"https:\/\/doktor-reiter.com\/?s={search_term_string}\"},\"query-input\":{\"@type\":\"PropertyValueSpecification\",\"valueRequired\":true,\"valueName\":\"search_term_string\"}}],\"inLanguage\":\"en-GB\"},{\"@type\":\"Organization\",\"@id\":\"https:\/\/doktor-reiter.com\/#organization\",\"name\":\"Dr. Marie-Luise Reiter\",\"alternateName\":\"Fach\u00e4rztin f\u00fcr plastische, rekonstruktive und \u00e4sthetische Chirurgie\",\"url\":\"https:\/\/doktor-reiter.com\/\",\"logo\":{\"@type\":\"ImageObject\",\"inLanguage\":\"en-GB\",\"@id\":\"https:\/\/doktor-reiter.com\/#\/schema\/logo\/image\/\",\"url\":\"http:\/\/doktor-reiter.com\/wp-content\/uploads\/2020\/12\/DR-MLR-logo@4x.png\",\"contentUrl\":\"http:\/\/doktor-reiter.com\/wp-content\/uploads\/2020\/12\/DR-MLR-logo@4x.png\",\"width\":2127,\"height\":2286,\"caption\":\"Dr. Marie-Luise Reiter\"},\"image\":{\"@id\":\"https:\/\/doktor-reiter.com\/#\/schema\/logo\/image\/\"},\"sameAs\":[\"https:\/\/www.facebook.com\/drluisereiter\/\",\"https:\/\/www.instagram.com\/drluisereiter\/\",\"https:\/\/www.youtube.com\/@dr.marie-luisereiter629\"]}]}<\/script>\n<!-- \/ Yoast SEO plugin. -->","yoast_head_json":{"title":"Bruststraffung - Dr. Reiter Bruststraffung","description":"Magenballon, Wien","robots":{"index":"index","follow":"follow","max-snippet":"max-snippet:-1","max-image-preview":"max-image-preview:large","max-video-preview":"max-video-preview:-1"},"canonical":"https:\/\/doktor-reiter.com\/en\/bruststraffung\/","og_locale":"en_GB","og_type":"article","og_title":"Bruststraffung - Dr. Reiter Bruststraffung","og_description":"Magenballon, Wien","og_url":"https:\/\/doktor-reiter.com\/en\/bruststraffung\/","og_site_name":"Dr. Reiter","article_publisher":"https:\/\/www.facebook.com\/drluisereiter\/","article_modified_time":"2024-06-23T13:51:16+00:00","og_image":[{"width":1200,"height":675,"url":"https:\/\/doktor-reiter.com\/wp-content\/uploads\/2024\/04\/Doktor-REiter-home1.jpg","type":"image\/jpeg"}],"twitter_card":"summary_large_image","twitter_misc":{"Estimated reading time":"6 minutes"},"schema":{"@context":"https:\/\/schema.org","@graph":[{"@type":"WebPage","@id":"https:\/\/doktor-reiter.com\/bruststraffung","url":"https:\/\/doktor-reiter.com\/bruststraffung","name":"Bruststraffung - Dr. Reiter Bruststraffung","isPartOf":{"@id":"https:\/\/doktor-reiter.com\/#website"},"datePublished":"2021-02-28T16:26:09+00:00","dateModified":"2024-06-23T13:51:16+00:00","description":"Magenballon, Wien","breadcrumb":{"@id":"https:\/\/doktor-reiter.com\/bruststraffung#breadcrumb"},"inLanguage":"en-GB","potentialAction":[{"@type":"ReadAction","target":["https:\/\/doktor-reiter.com\/bruststraffung"]}]},{"@type":"BreadcrumbList","@id":"https:\/\/doktor-reiter.com\/bruststraffung#breadcrumb","itemListElement":[{"@type":"ListItem","position":1,"name":"Home","item":"https:\/\/doktor-reiter.com\/"},{"@type":"ListItem","position":2,"name":"Bruststraffung"}]},{"@type":"WebSite","@id":"https:\/\/doktor-reiter.com\/#website","url":"https:\/\/doktor-reiter.com\/","name":"Dr. Reiter","description":"Fach\u00e4rztin f\u00fcr Plastische Chirurgie","publisher":{"@id":"https:\/\/doktor-reiter.com\/#organization"},"alternateName":"Fach\u00e4rztin f\u00fcr plastische, rekonstruktive und \u00e4sthetische Chirurgie","potentialAction":[{"@type":"SearchAction","target":{"@type":"EntryPoint","urlTemplate":"https:\/\/doktor-reiter.com\/?s={search_term_string}"},"query-input":{"@type":"PropertyValueSpecification","valueRequired":true,"valueName":"search_term_string"}}],"inLanguage":"en-GB"},{"@type":"Organization","@id":"https:\/\/doktor-reiter.com\/#organization","name":"Dr. Marie-Luise Reiter","alternateName":"Fach\u00e4rztin f\u00fcr plastische, rekonstruktive und \u00e4sthetische Chirurgie","url":"https:\/\/doktor-reiter.com\/","logo":{"@type":"ImageObject","inLanguage":"en-GB","@id":"https:\/\/doktor-reiter.com\/#\/schema\/logo\/image\/","url":"http:\/\/doktor-reiter.com\/wp-content\/uploads\/2020\/12\/DR-MLR-logo@4x.png","contentUrl":"http:\/\/doktor-reiter.com\/wp-content\/uploads\/2020\/12\/DR-MLR-logo@4x.png","width":2127,"height":2286,"caption":"Dr. Marie-Luise Reiter"},"image":{"@id":"https:\/\/doktor-reiter.com\/#\/schema\/logo\/image\/"},"sameAs":["https:\/\/www.facebook.com\/drluisereiter\/","https:\/\/www.instagram.com\/drluisereiter\/","https:\/\/www.youtube.com\/@dr.marie-luisereiter629"]}]}},"_links":{"self":[{"href":"https:\/\/doktor-reiter.com\/en\/wp-json\/wp\/v2\/pages\/756","targetHints":{"allow":["GET"]}}],"collection":[{"href":"https:\/\/doktor-reiter.com\/en\/wp-json\/wp\/v2\/pages"}],"about":[{"href":"https:\/\/doktor-reiter.com\/en\/wp-json\/wp\/v2\/types\/page"}],"author":[{"embeddable":true,"href":"https:\/\/doktor-reiter.com\/en\/wp-json\/wp\/v2\/users\/2"}],"replies":[{"embeddable":true,"href":"https:\/\/doktor-reiter.com\/en\/wp-json\/wp\/v2\/comments?post=756"}],"version-history":[{"count":14,"href":"https:\/\/doktor-reiter.com\/en\/wp-json\/wp\/v2\/pages\/756\/revisions"}],"predecessor-version":[{"id":4344,"href":"https:\/\/doktor-reiter.com\/en\/wp-json\/wp\/v2\/pages\/756\/revisions\/4344"}],"wp:attachment":[{"href":"https:\/\/doktor-reiter.com\/en\/wp-json\/wp\/v2\/media?parent=756"}],"curies":[{"name":"wp","href":"https:\/\/api.w.org\/{rel}","templated":true}]}}