{"id":4526,"date":"2025-03-20T17:36:07","date_gmt":"2025-03-20T16:36:07","guid":{"rendered":"https:\/\/doktor-reiter.com\/?page_id=4526"},"modified":"2025-03-20T17:38:40","modified_gmt":"2025-03-20T16:38:40","slug":"cintia-szamosi","status":"publish","type":"page","link":"https:\/\/doktor-reiter.com\/en\/cintia-szamosi","title":{"rendered":"Cintia Szamosi"},"content":{"rendered":"<p>[et_pb_section fb_built=&#8220;1&#8243; admin_label=&#8220;Header&#8220; _builder_version=&#8220;4.16&#8243; _module_preset=&#8220;default&#8220; background_image=&#8220;http:\/\/doktor-reiter.com\/wp-content\/uploads\/2020\/12\/massage-17-1.jpg&#8220; background_size=&#8220;contain&#8220; overflow-x=&#8220;hidden&#8220; overflow-y=&#8220;hidden&#8220; custom_padding=&#8220;||0px|||&#8220; locked=&#8220;off&#8220; global_colors_info=&#8220;{}&#8220; theme_builder_area=&#8220;post_content&#8220;][et_pb_row column_structure=&#8220;3_5,2_5&#8243; _builder_version=&#8220;4.16&#8243; _module_preset=&#8220;default&#8220; custom_padding=&#8220;||0px||false|false&#8220; global_colors_info=&#8220;{}&#8220; theme_builder_area=&#8220;post_content&#8220;][et_pb_column type=&#8220;3_5&#8243; _builder_version=&#8220;4.16&#8243; _module_preset=&#8220;default&#8220; custom_padding=&#8220;||30px||false|false&#8220; global_colors_info=&#8220;{}&#8220; theme_builder_area=&#8220;post_content&#8220;][et_pb_text _builder_version=&#8220;4.23.1&#8243; _module_preset=&#8220;default&#8220; header_font=&#8220;Abel||||||||&#8220; header_font_size=&#8220;55px&#8220; header_letter_spacing=&#8220;7px&#8220; header_line_height=&#8220;1.1em&#8220; custom_margin=&#8220;|-22px||||&#8220; custom_padding=&#8220;|0px||||&#8220; header_font_tablet=&#8220;Muli|600|||||||&#8220; header_font_phone=&#8220;Abel|600|||||||&#8220; header_font_last_edited=&#8220;on|desktop&#8220; header_font_size_tablet=&#8220;44px&#8220; header_font_size_phone=&#8220;34px&#8220; header_font_size_last_edited=&#8220;on|phone&#8220; header_letter_spacing_tablet=&#8220;2px&#8220; header_letter_spacing_phone=&#8220;5px&#8220; header_letter_spacing_last_edited=&#8220;on|desktop&#8220; header_text_shadow_style=&#8220;preset3&#8243; header_text_shadow_color=&#8220;#ffffff&#8220; locked=&#8220;off&#8220; global_colors_info=&#8220;{}&#8220; theme_builder_area=&#8220;post_content&#8220;]<\/p>\n<h1>Cintia Szamosi<\/h1>\n<p>[\/et_pb_text][et_pb_blurb image_icon_width=&#8220;72%&#8220; content_max_width=&#8220;703px&#8220; _builder_version=&#8220;4.23.1&#8243; _module_preset=&#8220;default&#8220; body_font=&#8220;||||||||&#8220; body_font_size=&#8220;18px&#8220; module_alignment=&#8220;left&#8220; custom_margin=&#8220;-30px|0px|16px|0px|false|false&#8220; custom_padding=&#8220;|19px||0px|false|false&#8220; image_max_width=&#8220;72%&#8220; global_colors_info=&#8220;{}&#8220; theme_builder_area=&#8220;post_content&#8220;]<\/p>\n<h4 class=\"p1\">Kosmetikerin<\/h4>\n<p>[\/et_pb_blurb][et_pb_divider divider_weight=&#8220;2px&#8220; _builder_version=&#8220;4.16&#8243; _module_preset=&#8220;default&#8220; width=&#8220;100px&#8220; custom_margin=&#8220;||0px|0px|false|false&#8220; locked=&#8220;off&#8220; global_colors_info=&#8220;{}&#8220; theme_builder_area=&#8220;post_content&#8220;][\/et_pb_divider][et_pb_text _builder_version=&#8220;4.23.1&#8243; _module_preset=&#8220;default&#8220; text_font=&#8220;Abel||||||||&#8220; text_font_size=&#8220;18px&#8220; text_line_height=&#8220;1.8em&#8220; max_width=&#8220;600px&#8220; text_font_size_tablet=&#8220;&#8220; text_font_size_phone=&#8220;14px&#8220; text_font_size_last_edited=&#8220;on|phone&#8220; text_line_height_tablet=&#8220;&#8220; text_line_height_phone=&#8220;1.6em&#8220; text_line_height_last_edited=&#8220;on|desktop&#8220; locked=&#8220;off&#8220; global_colors_info=&#8220;{}&#8220; theme_builder_area=&#8220;post_content&#8220;]<\/p>\n<p class=\"p1\">Mein Name ist Cintia Szamosi, und ich bin ausgebildete Kosmetikerin mit Leidenschaft f\u00fcr Sch\u00f6nheit und Wohlbefinden. Mit 11 Jahren Erfahrung in der Kosmetikbranche biete ich Ihnen individuelle Behandlungen, die auf Ihre Bed\u00fcrfnisse und W\u00fcnsche abgestimmt sind.<br \/>Egal, ob Sie Ihre Haut pflegen, entspannen oder sich verw\u00f6hnen lassen m\u00f6chten \u2013 ich helfe Ihnen dabei, Ihre nat\u00fcrliche Sch\u00f6nheit hervorzuheben. Bei mir stehen Qualit\u00e4t, Professionalit\u00e4t und Ihr Wohlbefinden an erster Stelle.<\/p>\n<p>[\/et_pb_text][et_pb_button button_url=&#8220;https:\/\/patient.latido.at\/booking\/select;profileid=64400448d2bba4b395070176;coredataid=6789396cd2c40288ce5078a9&#8243; button_text=&#8220;Online Termin&#8220; disabled_on=&#8220;off|off|off&#8220; _builder_version=&#8220;4.27.4&#8243; _module_preset=&#8220;default&#8220; custom_button=&#8220;on&#8220; button_text_size=&#8220;15px&#8220; button_text_color=&#8220;#afafaf&#8220; button_bg_color=&#8220;rgba(0,0,0,0)&#8220; button_bg_color_gradient_direction=&#8220;160deg&#8220; button_border_width=&#8220;1px&#8220; button_border_color=&#8220;#ffd4a3&#8243; button_border_radius=&#8220;28px&#8220; button_letter_spacing=&#8220;2px&#8220; button_font=&#8220;Abel|700||on|||||&#8220; button_use_icon=&#8220;off&#8220; custom_padding=&#8220;14px|24px|14px|24px|true|true&#8220; hover_enabled=&#8220;0&#8243; box_shadow_vertical_last_edited=&#8220;off|desktop&#8220; locked=&#8220;off&#8220; global_colors_info=&#8220;{}&#8220; box_shadow_color__hover=&#8220;#2585b2&#8243; box_shadow_blur__hover_enabled=&#8220;on&#8220; box_shadow_blur__hover=&#8220;40px&#8220; box_shadow_vertical__hover_enabled=&#8220;on&#8220; box_shadow_vertical__hover=&#8220;20px&#8220; button_border_color__hover_enabled=&#8220;on|desktop&#8220; button_bg_color__hover_enabled=&#8220;on|hover&#8220; button_bg_color__hover=&#8220;#fffbf5&#8243; button_bg_enable_color__hover=&#8220;on&#8220; button_border_color__hover=&#8220;#ffd4a3&#8243; theme_builder_area=&#8220;post_content&#8220; sticky_enabled=&#8220;0&#8243;][\/et_pb_button][\/et_pb_column][et_pb_column type=&#8220;2_5&#8243; _builder_version=&#8220;4.16&#8243; _module_preset=&#8220;default&#8220; global_colors_info=&#8220;{}&#8220; theme_builder_area=&#8220;post_content&#8220;][et_pb_image src=&#8220;http:\/\/doktor-reiter.com\/wp-content\/uploads\/2025\/03\/IMG_7666.jpg&#8220; title_text=&#8220;IMG_7666&#8243; _builder_version=&#8220;4.23.1&#8243; _module_preset=&#8220;default&#8220; max_width_tablet=&#8220;200px&#8220; max_width_phone=&#8220;&#8220; max_width_last_edited=&#8220;on|desktop&#8220; custom_margin=&#8220;-2vw|-10vw|||false|false&#8220; custom_margin_tablet=&#8220;0vw|||0vw|false|false&#8220; custom_margin_phone=&#8220;&#8220; custom_margin_last_edited=&#8220;on|desktop&#8220; global_colors_info=&#8220;{}&#8220; theme_builder_area=&#8220;post_content&#8220;][\/et_pb_image][et_pb_image src=&#8220;http:\/\/doktor-reiter.com\/wp-content\/uploads\/2025\/03\/Layer-1-213&#215;300-1.png&#8220; title_text=&#8220;Layer 1&#8243; align=&#8220;right&#8220; _builder_version=&#8220;4.16&#8243; _module_preset=&#8220;default&#8220; width=&#8220;69%&#8220; custom_margin=&#8220;-143px|-260px|||false|false&#8220; custom_margin_tablet=&#8220;|0px|||false|false&#8220; custom_margin_phone=&#8220;&#8220; custom_margin_last_edited=&#8220;on|desktop&#8220; locked=&#8220;off&#8220; global_colors_info=&#8220;{}&#8220; theme_builder_area=&#8220;post_content&#8220;][\/et_pb_image][\/et_pb_column][\/et_pb_row][\/et_pb_section][et_pb_section fb_built=&#8220;1&#8243; disabled_on=&#8220;on|on|on&#8220; admin_label=&#8220;Services&#8220; _builder_version=&#8220;4.22.2&#8243; _module_preset=&#8220;default&#8220; background_color=&#8220;#f7f7f7&#8243; background_color_gradient_direction=&#8220;90deg&#8220; custom_margin=&#8220;1px|40px|40px|40px|false|true&#8220; custom_margin_tablet=&#8220;&#8220; custom_margin_phone=&#8220;|20px|20px|20px|false|true&#8220; custom_margin_last_edited=&#8220;on|phone&#8220; custom_padding=&#8220;||||false|false&#8220; disabled=&#8220;on&#8220; global_colors_info=&#8220;{}&#8220; theme_builder_area=&#8220;post_content&#8220;][et_pb_row use_custom_gutter=&#8220;on&#8220; gutter_width=&#8220;2&#8243; custom_padding_last_edited=&#8220;on|desktop&#8220; _builder_version=&#8220;4.16&#8243; _module_preset=&#8220;default&#8220; background_color=&#8220;rgba(255,243,237,0.84)&#8220; background_enable_image=&#8220;off&#8220; background_size=&#8220;contain&#8220; background_position=&#8220;top_right&#8220; width=&#8220;85%&#8220; max_width=&#8220;1280px&#8220; custom_margin=&#8220;22px|auto|22px|auto|true|false&#8220; custom_padding=&#8220;|70px|60px|70px|false|true&#8220; custom_padding_tablet=&#8220;|40px||40px|false|true&#8220; custom_padding_phone=&#8220;|20px||20px|false|true&#8220; background_last_edited=&#8220;on|desktop&#8220; background_enable_image_tablet=&#8220;off&#8220; box_shadow_style=&#8220;preset1&#8243; box_shadow_vertical=&#8220;50px&#8220; box_shadow_blur=&#8220;80px&#8220; box_shadow_color=&#8220;rgba(56,21,11,0.09)&#8220; global_colors_info=&#8220;{}&#8220; theme_builder_area=&#8220;post_content&#8220;][et_pb_column type=&#8220;4_4&#8243; _builder_version=&#8220;4.16&#8243; _module_preset=&#8220;default&#8220; global_colors_info=&#8220;{}&#8220; theme_builder_area=&#8220;post_content&#8220;][et_pb_divider divider_weight=&#8220;2px&#8220; _builder_version=&#8220;4.16&#8243; _module_preset=&#8220;default&#8220; width=&#8220;100px&#8220; custom_margin=&#8220;||0px|-70px|false|false&#8220; locked=&#8220;off&#8220; global_colors_info=&#8220;{}&#8220; theme_builder_area=&#8220;post_content&#8220;][\/et_pb_divider][et_pb_accordion open_toggle_background_color=&#8220;#ffffff&#8220; closed_toggle_background_color=&#8220;#ffffff&#8220; icon_color=&#8220;#ffa389&#8243; _builder_version=&#8220;4.16&#8243; _module_preset=&#8220;default&#8220; toggle_text_color=&#8220;#8f5f25&#8243; toggle_font=&#8220;Abel||||||||&#8220; toggle_font_size=&#8220;20px&#8220; toggle_line_height=&#8220;1.4em&#8220; body_font=&#8220;Abel||||||||&#8220; body_font_size=&#8220;18px&#8220; body_line_height=&#8220;1.8em&#8220; max_width=&#8220;800px&#8220; module_alignment=&#8220;center&#8220; toggle_font_size_tablet=&#8220;20px&#8220; toggle_font_size_phone=&#8220;17px&#8220; toggle_font_size_last_edited=&#8220;on|phone&#8220; body_font_size_tablet=&#8220;&#8220; body_font_size_phone=&#8220;14px&#8220; body_font_size_last_edited=&#8220;on|desktop&#8220; body_line_height_tablet=&#8220;&#8220; body_line_height_phone=&#8220;1.6em&#8220; body_line_height_last_edited=&#8220;on|desktop&#8220; border_width_all=&#8220;0px&#8220; locked=&#8220;off&#8220; global_colors_info=&#8220;{}&#8220; theme_builder_area=&#8220;post_content&#8220;][et_pb_accordion_item title=&#8220;Ablauf eines Besuchs bei Ihrer plastischen Chirurgin&#8220; open=&#8220;on&#8220; _builder_version=&#8220;4.16&#8243; _module_preset=&#8220;default&#8220; global_colors_info=&#8220;{}&#8220; toggle_font_size=&#8220;30px&#8220; theme_builder_area=&#8220;post_content&#8220;][\/et_pb_accordion_item][et_pb_accordion_item title=&#8220;Vorgespr\u00e4ch&#8220; _builder_version=&#8220;4.16&#8243; _module_preset=&#8220;default&#8220; custom_margin=&#8220;||20px||false|false&#8220; global_colors_info=&#8220;{}&#8220; theme_builder_area=&#8220;post_content&#8220; open=&#8220;off&#8220;]<\/p>\n<p>Wir sprechen \u00fcber ein oder mehrere Themen, die Sie besch\u00e4ftigen. Ich bespreche mit Ihnen Ihre pers\u00f6nliche Situation, medizinische Vorgeschichte und gehe auf Ihre W\u00fcnsche und Vorstellungen ein.<\/p>\n<p>Erfolgreich war ein Erstgespr\u00e4ch, wenn Sie eine genaue Vorstellung \u00fcber die M\u00f6glichkeiten, die es zur Verbesserung gibt, erlangen. Sie k\u00f6nnen dann den Umfang und Ablauf \u00fcberblicken.<\/p>\n<p>Ich habe eine genaue Vorstellung erlangt, was Ihr Wunsch an das Ergebnis ist.<br \/>So entwickeln wir gemeinsam einen Behandlungsplan.<\/p>\n<p class=\"p1\"><strong>Dauer:<\/strong><\/p>\n<p class=\"p1\">etwa 1 Stunde<\/p>\n<p class=\"p1\">Kosten:<\/p>\n<p class=\"p1\">75 Euro Gesichtsthemen, 150 Euro K\u00f6rperthemen\u00a0<\/p>\n<p class=\"p1\">Sollte es zu einer Behandlung kommen, wird die Beratungsgeb\u00fchr auf den Behandlungspreis angerechnet<\/p>\n<p>[\/et_pb_accordion_item][et_pb_accordion_item title=&#8220;Umsetzung&#8220; _builder_version=&#8220;4.16&#8243; _module_preset=&#8220;default&#8220; custom_margin=&#8220;||20px||false|false&#8220; global_colors_info=&#8220;{}&#8220; theme_builder_area=&#8220;post_content&#8220; open=&#8220;off&#8220;]<\/p>\n<p class=\"p1\">Die Umsetzung des Behandlungsplanes kann bei Unterspritzungen direkt im Anschluss erfolgen. Bei gr\u00f6\u00dferen Behandlungen oder Operationen finden wir einen weiteren Termin zur Umsetzung.<\/p>\n<p class=\"p1\">Gesichtsbehandlungen erfordern besondere Umsicht um Verbesserungen zu erzielen, ohne in unserem Umfeld durch pl\u00f6tzliche Ver\u00e4nderung aufzufallen. Sollten diese Sorge auf Sie zutreffen, kann daher oft ein stufenweiser Behandlungsplan sinnvoll sein, in dem wir uns dem Ziel durch schrittweise Verbesserung in mehreren Sitzungen n\u00e4hern.<\/p>\n<p class=\"p1\">\n<p class=\"p1\">Dauer und Kosten je nach Behandlungsumfang<\/p>\n<p>[\/et_pb_accordion_item][et_pb_accordion_item title=&#8220;Nachsorge&#8220; _builder_version=&#8220;4.16&#8243; _module_preset=&#8220;default&#8220; custom_margin=&#8220;||20px||false|false&#8220; global_colors_info=&#8220;{}&#8220; theme_builder_area=&#8220;post_content&#8220; open=&#8220;off&#8220;]<\/p>\n<p class=\"p1\">Nach erfolgreicher Behandlung folgt ein weiterer Termin um das Ergebnis zu besprechen und weitere Ma\u00dfgaben zu Alltag, Verhalten und Pflege abzugleichen. Vielleicht m\u00fcssen Pflaster oder Verb\u00e4nde gewechselt werden. Weitere Nachsorgetermine werden je nach Bedarf und Behandlung geplant.<\/p>\n<p class=\"p1\">\n<p class=\"p1\">Dauer: 20 Minuten pro Sitzung<\/p>\n<p class=\"p1\">Kosten: keine<\/p>\n<p>[\/et_pb_accordion_item][\/et_pb_accordion][\/et_pb_column][\/et_pb_row][\/et_pb_section]<\/p>","protected":false},"excerpt":{"rendered":"<p>Cintia SzamosiKosmetikerinMein Name ist Cintia Szamosi, und ich bin ausgebildete Kosmetikerin mit Leidenschaft f\u00fcr Sch\u00f6nheit und Wohlbefinden. Mit 11 Jahren Erfahrung in der Kosmetikbranche biete ich Ihnen individuelle Behandlungen, die auf Ihre Bed\u00fcrfnisse und W\u00fcnsche abgestimmt sind.Egal, ob Sie Ihre Haut pflegen, entspannen oder sich verw\u00f6hnen lassen m\u00f6chten \u2013 ich helfe Ihnen dabei, Ihre nat\u00fcrliche [&hellip;]<\/p>","protected":false},"author":2,"featured_media":0,"parent":0,"menu_order":0,"comment_status":"closed","ping_status":"closed","template":"","meta":{"_et_pb_use_builder":"on","_et_pb_old_content":"","_et_gb_content_width":"","_monsterinsights_skip_tracking":false,"_monsterinsights_sitenote_active":false,"_monsterinsights_sitenote_note":"","_monsterinsights_sitenote_category":0,"footnotes":""},"class_list":["post-4526","page","type-page","status-publish","hentry"],"yoast_head":"<!-- This site is optimized with the Yoast SEO plugin v26.6 - https:\/\/yoast.com\/wordpress\/plugins\/seo\/ -->\n<title>Cintia Szamosi - Dr. Reiter Cintia Szamosi<\/title>\n<meta name=\"description\" content=\"Magenballon, Wien\" \/>\n<meta name=\"robots\" content=\"index, follow, max-snippet:-1, max-image-preview:large, max-video-preview:-1\" \/>\n<link rel=\"canonical\" href=\"https:\/\/doktor-reiter.com\/en\/cintia-szamosi\/\" \/>\n<meta property=\"og:locale\" content=\"en_GB\" \/>\n<meta property=\"og:type\" content=\"article\" \/>\n<meta property=\"og:title\" content=\"Cintia Szamosi - Dr. Reiter Cintia Szamosi\" \/>\n<meta property=\"og:description\" content=\"Magenballon, Wien\" \/>\n<meta property=\"og:url\" content=\"https:\/\/doktor-reiter.com\/en\/cintia-szamosi\/\" \/>\n<meta property=\"og:site_name\" content=\"Dr. Reiter\" \/>\n<meta property=\"article:publisher\" content=\"https:\/\/www.facebook.com\/drluisereiter\/\" \/>\n<meta property=\"article:modified_time\" content=\"2025-03-20T16:38:40+00:00\" \/>\n<meta property=\"og:image\" content=\"https:\/\/doktor-reiter.com\/wp-content\/uploads\/2024\/04\/Doktor-REiter-home1.jpg\" \/>\n\t<meta property=\"og:image:width\" content=\"1200\" \/>\n\t<meta property=\"og:image:height\" content=\"675\" \/>\n\t<meta property=\"og:image:type\" content=\"image\/jpeg\" \/>\n<meta name=\"twitter:card\" content=\"summary_large_image\" \/>\n<script type=\"application\/ld+json\" class=\"yoast-schema-graph\">{\"@context\":\"https:\/\/schema.org\",\"@graph\":[{\"@type\":\"WebPage\",\"@id\":\"https:\/\/doktor-reiter.com\/cintia-szamosi\",\"url\":\"https:\/\/doktor-reiter.com\/cintia-szamosi\",\"name\":\"Cintia Szamosi - Dr. Reiter Cintia Szamosi\",\"isPartOf\":{\"@id\":\"https:\/\/doktor-reiter.com\/#website\"},\"datePublished\":\"2025-03-20T16:36:07+00:00\",\"dateModified\":\"2025-03-20T16:38:40+00:00\",\"description\":\"Magenballon, Wien\",\"breadcrumb\":{\"@id\":\"https:\/\/doktor-reiter.com\/cintia-szamosi#breadcrumb\"},\"inLanguage\":\"en-GB\",\"potentialAction\":[{\"@type\":\"ReadAction\",\"target\":[\"https:\/\/doktor-reiter.com\/cintia-szamosi\"]}]},{\"@type\":\"BreadcrumbList\",\"@id\":\"https:\/\/doktor-reiter.com\/cintia-szamosi#breadcrumb\",\"itemListElement\":[{\"@type\":\"ListItem\",\"position\":1,\"name\":\"Home\",\"item\":\"https:\/\/doktor-reiter.com\/\"},{\"@type\":\"ListItem\",\"position\":2,\"name\":\"Cintia Szamosi\"}]},{\"@type\":\"WebSite\",\"@id\":\"https:\/\/doktor-reiter.com\/#website\",\"url\":\"https:\/\/doktor-reiter.com\/\",\"name\":\"Dr. Reiter\",\"description\":\"Fach\u00e4rztin f\u00fcr Plastische Chirurgie\",\"publisher\":{\"@id\":\"https:\/\/doktor-reiter.com\/#organization\"},\"alternateName\":\"Fach\u00e4rztin f\u00fcr plastische, rekonstruktive und \u00e4sthetische Chirurgie\",\"potentialAction\":[{\"@type\":\"SearchAction\",\"target\":{\"@type\":\"EntryPoint\",\"urlTemplate\":\"https:\/\/doktor-reiter.com\/?s={search_term_string}\"},\"query-input\":{\"@type\":\"PropertyValueSpecification\",\"valueRequired\":true,\"valueName\":\"search_term_string\"}}],\"inLanguage\":\"en-GB\"},{\"@type\":\"Organization\",\"@id\":\"https:\/\/doktor-reiter.com\/#organization\",\"name\":\"Dr. Marie-Luise Reiter\",\"alternateName\":\"Fach\u00e4rztin f\u00fcr plastische, rekonstruktive und \u00e4sthetische Chirurgie\",\"url\":\"https:\/\/doktor-reiter.com\/\",\"logo\":{\"@type\":\"ImageObject\",\"inLanguage\":\"en-GB\",\"@id\":\"https:\/\/doktor-reiter.com\/#\/schema\/logo\/image\/\",\"url\":\"http:\/\/doktor-reiter.com\/wp-content\/uploads\/2020\/12\/DR-MLR-logo@4x.png\",\"contentUrl\":\"http:\/\/doktor-reiter.com\/wp-content\/uploads\/2020\/12\/DR-MLR-logo@4x.png\",\"width\":2127,\"height\":2286,\"caption\":\"Dr. Marie-Luise Reiter\"},\"image\":{\"@id\":\"https:\/\/doktor-reiter.com\/#\/schema\/logo\/image\/\"},\"sameAs\":[\"https:\/\/www.facebook.com\/drluisereiter\/\",\"https:\/\/www.instagram.com\/drluisereiter\/\",\"https:\/\/www.youtube.com\/@dr.marie-luisereiter629\"]}]}<\/script>\n<!-- \/ Yoast SEO plugin. -->","yoast_head_json":{"title":"Cintia Szamosi - Dr. Reiter Cintia Szamosi","description":"Magenballon, Wien","robots":{"index":"index","follow":"follow","max-snippet":"max-snippet:-1","max-image-preview":"max-image-preview:large","max-video-preview":"max-video-preview:-1"},"canonical":"https:\/\/doktor-reiter.com\/en\/cintia-szamosi\/","og_locale":"en_GB","og_type":"article","og_title":"Cintia Szamosi - Dr. Reiter Cintia Szamosi","og_description":"Magenballon, Wien","og_url":"https:\/\/doktor-reiter.com\/en\/cintia-szamosi\/","og_site_name":"Dr. Reiter","article_publisher":"https:\/\/www.facebook.com\/drluisereiter\/","article_modified_time":"2025-03-20T16:38:40+00:00","og_image":[{"width":1200,"height":675,"url":"https:\/\/doktor-reiter.com\/wp-content\/uploads\/2024\/04\/Doktor-REiter-home1.jpg","type":"image\/jpeg"}],"twitter_card":"summary_large_image","schema":{"@context":"https:\/\/schema.org","@graph":[{"@type":"WebPage","@id":"https:\/\/doktor-reiter.com\/cintia-szamosi","url":"https:\/\/doktor-reiter.com\/cintia-szamosi","name":"Cintia Szamosi - Dr. Reiter Cintia Szamosi","isPartOf":{"@id":"https:\/\/doktor-reiter.com\/#website"},"datePublished":"2025-03-20T16:36:07+00:00","dateModified":"2025-03-20T16:38:40+00:00","description":"Magenballon, Wien","breadcrumb":{"@id":"https:\/\/doktor-reiter.com\/cintia-szamosi#breadcrumb"},"inLanguage":"en-GB","potentialAction":[{"@type":"ReadAction","target":["https:\/\/doktor-reiter.com\/cintia-szamosi"]}]},{"@type":"BreadcrumbList","@id":"https:\/\/doktor-reiter.com\/cintia-szamosi#breadcrumb","itemListElement":[{"@type":"ListItem","position":1,"name":"Home","item":"https:\/\/doktor-reiter.com\/"},{"@type":"ListItem","position":2,"name":"Cintia Szamosi"}]},{"@type":"WebSite","@id":"https:\/\/doktor-reiter.com\/#website","url":"https:\/\/doktor-reiter.com\/","name":"Dr. Reiter","description":"Fach\u00e4rztin f\u00fcr Plastische Chirurgie","publisher":{"@id":"https:\/\/doktor-reiter.com\/#organization"},"alternateName":"Fach\u00e4rztin f\u00fcr plastische, rekonstruktive und \u00e4sthetische Chirurgie","potentialAction":[{"@type":"SearchAction","target":{"@type":"EntryPoint","urlTemplate":"https:\/\/doktor-reiter.com\/?s={search_term_string}"},"query-input":{"@type":"PropertyValueSpecification","valueRequired":true,"valueName":"search_term_string"}}],"inLanguage":"en-GB"},{"@type":"Organization","@id":"https:\/\/doktor-reiter.com\/#organization","name":"Dr. Marie-Luise Reiter","alternateName":"Fach\u00e4rztin f\u00fcr plastische, rekonstruktive und \u00e4sthetische Chirurgie","url":"https:\/\/doktor-reiter.com\/","logo":{"@type":"ImageObject","inLanguage":"en-GB","@id":"https:\/\/doktor-reiter.com\/#\/schema\/logo\/image\/","url":"http:\/\/doktor-reiter.com\/wp-content\/uploads\/2020\/12\/DR-MLR-logo@4x.png","contentUrl":"http:\/\/doktor-reiter.com\/wp-content\/uploads\/2020\/12\/DR-MLR-logo@4x.png","width":2127,"height":2286,"caption":"Dr. Marie-Luise Reiter"},"image":{"@id":"https:\/\/doktor-reiter.com\/#\/schema\/logo\/image\/"},"sameAs":["https:\/\/www.facebook.com\/drluisereiter\/","https:\/\/www.instagram.com\/drluisereiter\/","https:\/\/www.youtube.com\/@dr.marie-luisereiter629"]}]}},"_links":{"self":[{"href":"https:\/\/doktor-reiter.com\/en\/wp-json\/wp\/v2\/pages\/4526","targetHints":{"allow":["GET"]}}],"collection":[{"href":"https:\/\/doktor-reiter.com\/en\/wp-json\/wp\/v2\/pages"}],"about":[{"href":"https:\/\/doktor-reiter.com\/en\/wp-json\/wp\/v2\/types\/page"}],"author":[{"embeddable":true,"href":"https:\/\/doktor-reiter.com\/en\/wp-json\/wp\/v2\/users\/2"}],"replies":[{"embeddable":true,"href":"https:\/\/doktor-reiter.com\/en\/wp-json\/wp\/v2\/comments?post=4526"}],"version-history":[{"count":3,"href":"https:\/\/doktor-reiter.com\/en\/wp-json\/wp\/v2\/pages\/4526\/revisions"}],"predecessor-version":[{"id":4532,"href":"https:\/\/doktor-reiter.com\/en\/wp-json\/wp\/v2\/pages\/4526\/revisions\/4532"}],"wp:attachment":[{"href":"https:\/\/doktor-reiter.com\/en\/wp-json\/wp\/v2\/media?parent=4526"}],"curies":[{"name":"wp","href":"https:\/\/api.w.org\/{rel}","templated":true}]}}